{"id":154,"date":"2017-12-18T04:33:36","date_gmt":"2017-12-18T04:33:36","guid":{"rendered":"http:\/\/test.reneleclair.ca\/?page_id=154"},"modified":"2023-08-08T17:20:36","modified_gmt":"2023-08-08T17:20:36","slug":"liens","status":"publish","type":"page","link":"https:\/\/test.reneleclair.ca\/?page_id=154","title":{"rendered":"Liens"},"content":{"rendered":"<p><span style=\"color: #0000ff;\"><em><strong>MEMBRES:<\/strong><\/em><\/span><\/p>\n<ul>\n<li><strong><a href=\"http:\/\/www.apaqaudio.qc.ca\">APAQ<\/a><\/strong>\n<ul>\n<li>Association professionnelle des audioproth\u00e9sistes du Qu\u00e9bec.<\/li>\n<\/ul>\n<\/li>\n<li><a href=\"http:\/\/www.ordreaudio.qc.ca\/\"><strong>OAQ<\/strong><\/a>\n<ul>\n<li>Ordre des audioproth\u00e9sistes du Qu\u00e9bec.<\/li>\n<\/ul>\n<\/li>\n<\/ul>\n<hr \/>\n","protected":false},"excerpt":{"rendered":"<p>MEMBRES: APAQ Association professionnelle des audioproth\u00e9sistes du Qu\u00e9bec. OAQ Ordre des audioproth\u00e9sistes du Qu\u00e9bec.<\/p>\n","protected":false},"author":1,"featured_media":0,"parent":0,"menu_order":0,"comment_status":"closed","ping_status":"closed","template":"","meta":[],"_links":{"self":[{"href":"https:\/\/test.reneleclair.ca\/index.php?rest_route=\/wp\/v2\/pages\/154"}],"collection":[{"href":"https:\/\/test.reneleclair.ca\/index.php?rest_route=\/wp\/v2\/pages"}],"about":[{"href":"https:\/\/test.reneleclair.ca\/index.php?rest_route=\/wp\/v2\/types\/page"}],"author":[{"embeddable":true,"href":"https:\/\/test.reneleclair.ca\/index.php?rest_route=\/wp\/v2\/users\/1"}],"replies":[{"embeddable":true,"href":"https:\/\/test.reneleclair.ca\/index.php?rest_route=%2Fwp%2Fv2%2Fcomments&post=154"}],"version-history":[{"count":3,"href":"https:\/\/test.reneleclair.ca\/index.php?rest_route=\/wp\/v2\/pages\/154\/revisions"}],"predecessor-version":[{"id":573,"href":"https:\/\/test.reneleclair.ca\/index.php?rest_route=\/wp\/v2\/pages\/154\/revisions\/573"}],"wp:attachment":[{"href":"https:\/\/test.reneleclair.ca\/index.php?rest_route=%2Fwp%2Fv2%2Fmedia&parent=154"}],"curies":[{"name":"wp","href":"https:\/\/api.w.org\/{rel}","templated":true}]}}