{"id":143,"date":"2017-12-18T04:03:05","date_gmt":"2017-12-18T04:03:05","guid":{"rendered":"http:\/\/test.reneleclair.ca\/?page_id=143"},"modified":"2019-03-24T00:45:26","modified_gmt":"2019-03-24T00:45:26","slug":"services","status":"publish","type":"page","link":"https:\/\/test.reneleclair.ca\/?page_id=143","title":{"rendered":"Services"},"content":{"rendered":"<ul>\n<li>Proth\u00e8ses auditives<\/li>\n<li>Examen<\/li>\n<li>Ajustement<\/li>\n<li>Entretien<\/li>\n<li>R\u00e9paration<\/li>\n<li>Examen audiom\u00e9trique avec un audiologiste sur place<\/li>\n<\/ul>\n","protected":false},"excerpt":{"rendered":"<p>Proth\u00e8ses auditives Examen Ajustement Entretien R\u00e9paration Examen audiom\u00e9trique avec un audiologiste sur place<\/p>\n","protected":false},"author":1,"featured_media":0,"parent":0,"menu_order":0,"comment_status":"closed","ping_status":"closed","template":"","meta":[],"_links":{"self":[{"href":"https:\/\/test.reneleclair.ca\/index.php?rest_route=\/wp\/v2\/pages\/143"}],"collection":[{"href":"https:\/\/test.reneleclair.ca\/index.php?rest_route=\/wp\/v2\/pages"}],"about":[{"href":"https:\/\/test.reneleclair.ca\/index.php?rest_route=\/wp\/v2\/types\/page"}],"author":[{"embeddable":true,"href":"https:\/\/test.reneleclair.ca\/index.php?rest_route=\/wp\/v2\/users\/1"}],"replies":[{"embeddable":true,"href":"https:\/\/test.reneleclair.ca\/index.php?rest_route=%2Fwp%2Fv2%2Fcomments&post=143"}],"version-history":[{"count":1,"href":"https:\/\/test.reneleclair.ca\/index.php?rest_route=\/wp\/v2\/pages\/143\/revisions"}],"predecessor-version":[{"id":404,"href":"https:\/\/test.reneleclair.ca\/index.php?rest_route=\/wp\/v2\/pages\/143\/revisions\/404"}],"wp:attachment":[{"href":"https:\/\/test.reneleclair.ca\/index.php?rest_route=%2Fwp%2Fv2%2Fmedia&parent=143"}],"curies":[{"name":"wp","href":"https:\/\/api.w.org\/{rel}","templated":true}]}}