{"id":103,"date":"2017-12-17T21:59:19","date_gmt":"2017-12-17T21:59:19","guid":{"rendered":"http:\/\/test.reneleclair.ca\/?page_id=103"},"modified":"2019-12-16T00:06:50","modified_gmt":"2019-12-16T00:06:50","slug":"nous-joindre","status":"publish","type":"page","link":"https:\/\/test.reneleclair.ca\/?page_id=103","title":{"rendered":"Nous joindre"},"content":{"rendered":"\n<p><\/p>\n\n\n<h5 style=\"text-align: center;\">\u00a0T\u00e9l.: 819 376-6000<br \/>Fax.: 819 376-6001<br \/>Courriel.: info@reneleclair.ca<\/h5>\n<h3 style=\"text-align: center;\"><strong>Bureau &#8211; Trois-Rivi\u00e8res<\/strong><\/h3>\n<p><img decoding=\"async\" loading=\"lazy\" class=\"aligncenter wp-image-107 size-full\" src=\"http:\/\/test.reneleclair.ca\/wp-content\/uploads\/2017\/12\/bureautr1p-1.png\" alt=\"\" width=\"142\" height=\"82\" \/><\/p>\n<p style=\"text-align: center;\">5495, boul. Jean-XXIII &#8211; Suite 102<br \/>Trois-Rivi\u00e8res (Qu\u00e9bec)<br \/>G8Z 4A8<\/p>\n<h3 style=\"text-align: center;\"><strong>Heures d&rsquo;ouverture<br \/><\/strong><\/h3>\n<p style=\"text-align: center;\">lundi au vendredi\u00a09h00 a 12h00\u00a0&#8211; 13h00 a 17h00<\/p>\n<hr \/>\n<h3 style=\"text-align: center;\"><strong>Point de service &#8211; Nicolet<\/strong><\/h3>\n<p style=\"text-align: center;\"><img decoding=\"async\" loading=\"lazy\" class=\"alignnone wp-image-116 size-full\" src=\"http:\/\/test.reneleclair.ca\/wp-content\/uploads\/2017\/12\/Faubourg20rev2sp-1.png\" alt=\"\" width=\"230\" height=\"130\" \/><\/p>\n<p style=\"text-align: center;\">160, rue du Faubourg, Local M\u00c9DECIN<br \/>Nicolet (Qu\u00e9bec)<br \/>J3T 0B1<\/p>\n<h3 style=\"text-align: center;\"><strong>Heures d&rsquo;ouverture<\/strong><\/h3>\n<p style=\"text-align: center;\">Au deux (2) semaines\u00a0 <strong>sur rendez-vous<br \/><\/strong>Mardi:\u00a09H00 \u00e0 12h00 &#8211; 13h00 \u00e0 17h00<\/p>\n<hr \/>\n<h3 style=\"text-align: center;\"><strong>Point de service &#8211; La Tuque<\/strong><\/h3>\n<p style=\"text-align: center;\"><img decoding=\"async\" loading=\"lazy\" class=\"aligncenter wp-image-558 size-full\" src=\"http:\/\/test.reneleclair.ca\/wp-content\/uploads\/2019\/12\/RLA-latuquem.png\" alt=\"\" width=\"249\" height=\"122\" \/><strong>273, rue Saint-Joseph<\/strong><br \/>La Tuque (Qu\u00e9bec)<br \/>G9X 1K6<\/p>\n<h3 style=\"text-align: center;\">Heures d&rsquo;ouverture<\/h3>\n<p style=\"text-align: center;\">Au deux (2) semaines\u00a0 <strong>sur rendez-vous<br \/><\/strong>Mercredi &amp; Jeudi : 9H00 \u00e0 12h00 &#8211; 13h00 \u00e0 17h00<\/p>","protected":false},"excerpt":{"rendered":"<p>\u00a0T\u00e9l.: 819 376-6000Fax.: 819 376-6001Courriel.: info@reneleclair.ca Bureau &#8211; Trois-Rivi\u00e8res 5495, boul. Jean-XXIII &#8211; Suite 102Trois-Rivi\u00e8res (Qu\u00e9bec)G8Z 4A8 Heures d&rsquo;ouverture lundi au vendredi\u00a09h00 a 12h00\u00a0&#8211; 13h00 a 17h00 Point de service &#8211; Nicolet 160, rue du Faubourg, Local M\u00c9DECINNicolet (Qu\u00e9bec)J3T 0B1 Heures d&rsquo;ouverture Au deux (2) semaines\u00a0 sur rendez-vousMardi:\u00a09H00 \u00e0 12h00 &#8211; 13h00 \u00e0 17h00 Point &#8230; <a title=\"Nous joindre\" class=\"read-more\" href=\"https:\/\/test.reneleclair.ca\/?page_id=103\" aria-label=\"Plus sur Nous joindre\">Read more<\/a><\/p>\n","protected":false},"author":1,"featured_media":0,"parent":0,"menu_order":0,"comment_status":"closed","ping_status":"closed","template":"","meta":[],"_links":{"self":[{"href":"https:\/\/test.reneleclair.ca\/index.php?rest_route=\/wp\/v2\/pages\/103"}],"collection":[{"href":"https:\/\/test.reneleclair.ca\/index.php?rest_route=\/wp\/v2\/pages"}],"about":[{"href":"https:\/\/test.reneleclair.ca\/index.php?rest_route=\/wp\/v2\/types\/page"}],"author":[{"embeddable":true,"href":"https:\/\/test.reneleclair.ca\/index.php?rest_route=\/wp\/v2\/users\/1"}],"replies":[{"embeddable":true,"href":"https:\/\/test.reneleclair.ca\/index.php?rest_route=%2Fwp%2Fv2%2Fcomments&post=103"}],"version-history":[{"count":8,"href":"https:\/\/test.reneleclair.ca\/index.php?rest_route=\/wp\/v2\/pages\/103\/revisions"}],"predecessor-version":[{"id":560,"href":"https:\/\/test.reneleclair.ca\/index.php?rest_route=\/wp\/v2\/pages\/103\/revisions\/560"}],"wp:attachment":[{"href":"https:\/\/test.reneleclair.ca\/index.php?rest_route=%2Fwp%2Fv2%2Fmedia&parent=103"}],"curies":[{"name":"wp","href":"https:\/\/api.w.org\/{rel}","templated":true}]}}