{"id":101,"date":"2017-12-17T21:48:59","date_gmt":"2017-12-17T21:48:59","guid":{"rendered":"http:\/\/test.reneleclair.ca\/?page_id=101"},"modified":"2019-03-24T00:39:00","modified_gmt":"2019-03-24T00:39:00","slug":"a-propos-de","status":"publish","type":"page","link":"https:\/\/test.reneleclair.ca\/?page_id=101","title":{"rendered":"A propos de nous!"},"content":{"rendered":"<p>Plus de 19 ann\u00e9es d&rsquo;exp\u00e9rience dans le milieu des proth\u00e8ses auditives!<\/p>\n<p><img decoding=\"async\" loading=\"lazy\" class=\"size-full wp-image-135 alignnone\" src=\"http:\/\/test.reneleclair.ca\/wp-content\/uploads\/2017\/12\/modeles-aides-auditives2-1-1.png\" alt=\"\" width=\"480\" height=\"132\" srcset=\"https:\/\/test.reneleclair.ca\/wp-content\/uploads\/2017\/12\/modeles-aides-auditives2-1-1.png 480w, https:\/\/test.reneleclair.ca\/wp-content\/uploads\/2017\/12\/modeles-aides-auditives2-1-1-300x83.png 300w\" sizes=\"(max-width: 480px) 100vw, 480px\" \/><\/p>\n<p><img decoding=\"async\" loading=\"lazy\" class=\"wp-image-151 size-full alignnone\" src=\"http:\/\/test.reneleclair.ca\/wp-content\/uploads\/2017\/12\/audioprothesiste_du_quebec-1.jpg\" alt=\"\" width=\"209\" height=\"64\" \/><img decoding=\"async\" loading=\"lazy\" class=\"wp-image-152 size-full alignnone\" src=\"http:\/\/test.reneleclair.ca\/wp-content\/uploads\/2017\/12\/APAQ_small-1.gif\" alt=\"\" width=\"100\" height=\"56\" \/><\/p>\n","protected":false},"excerpt":{"rendered":"<p>Plus de 19 ann\u00e9es d&rsquo;exp\u00e9rience dans le milieu des proth\u00e8ses auditives!<\/p>\n","protected":false},"author":1,"featured_media":0,"parent":0,"menu_order":0,"comment_status":"closed","ping_status":"closed","template":"","meta":[],"_links":{"self":[{"href":"https:\/\/test.reneleclair.ca\/index.php?rest_route=\/wp\/v2\/pages\/101"}],"collection":[{"href":"https:\/\/test.reneleclair.ca\/index.php?rest_route=\/wp\/v2\/pages"}],"about":[{"href":"https:\/\/test.reneleclair.ca\/index.php?rest_route=\/wp\/v2\/types\/page"}],"author":[{"embeddable":true,"href":"https:\/\/test.reneleclair.ca\/index.php?rest_route=\/wp\/v2\/users\/1"}],"replies":[{"embeddable":true,"href":"https:\/\/test.reneleclair.ca\/index.php?rest_route=%2Fwp%2Fv2%2Fcomments&post=101"}],"version-history":[{"count":4,"href":"https:\/\/test.reneleclair.ca\/index.php?rest_route=\/wp\/v2\/pages\/101\/revisions"}],"predecessor-version":[{"id":482,"href":"https:\/\/test.reneleclair.ca\/index.php?rest_route=\/wp\/v2\/pages\/101\/revisions\/482"}],"wp:attachment":[{"href":"https:\/\/test.reneleclair.ca\/index.php?rest_route=%2Fwp%2Fv2%2Fmedia&parent=101"}],"curies":[{"name":"wp","href":"https:\/\/api.w.org\/{rel}","templated":true}]}}